{"id":1012,"date":"2024-05-27T11:32:44","date_gmt":"2024-05-27T09:32:44","guid":{"rendered":"https:\/\/capt-action.com\/blog-capt-action\/"},"modified":"2024-09-08T12:55:49","modified_gmt":"2024-09-08T10:55:49","slug":"blog-capt-action","status":"publish","type":"page","link":"https:\/\/capt-action.com\/pt-pt\/blog-capt-action\/","title":{"rendered":"Blog Capt-Action"},"content":{"rendered":"<p>[et_pb_section fb_built=&#8221;1&#8243; admin_label=&#8221;Header &#038; Blog&#8221; _builder_version=&#8221;4.24.3&#8243; _module_preset=&#8221;default&#8221; locked=&#8221;off&#8221; collapsed=&#8221;on&#8221; global_colors_info=&#8221;{}&#8221;][et_pb_row _builder_version=&#8221;4.24.3&#8243; _module_preset=&#8221;default&#8221; max_width=&#8221;none&#8221; global_colors_info=&#8221;{}&#8221;][et_pb_column type=&#8221;4_4&#8243; _builder_version=&#8221;4.24.3&#8243; _module_preset=&#8221;default&#8221; global_colors_info=&#8221;{}&#8221;][et_pb_heading title=&#8221;Blog Capt-Action&#8221; _builder_version=&#8221;4.25.1&#8243; _module_preset=&#8221;d57b7120-826e-4d35-bbdb-7046650bf239&#8243; title_text_align=&#8221;center&#8221; locked=&#8221;off&#8221; global_colors_info=&#8221;{}&#8221;][\/et_pb_heading][et_pb_text _builder_version=&#8221;4.25.1&#8243; _module_preset=&#8221;ae6d61f9-5f99-4a07-a37f-d943ae9b1e2a&#8221; text_font=&#8221;Josefin Sans||||||||&#8221; text_font_size=&#8221;20px&#8221; global_colors_info=&#8221;{}&#8221;]<\/p>\n<h4>O aplicativo de v\u00eddeo Capt-Action permite filmar, gravar e compartilhar seus v\u00eddeos com facilidade Mas n\u00e3o qualquer v\u00eddeo! Voc\u00ea filma a situa\u00e7\u00e3o ou oportunidade certa porque aciona a captura assim que a a\u00e7\u00e3o \u00e9 conclu\u00edda. O aplicativo de v\u00eddeo Capt-Action \u00e9 simplesmente revolucion\u00e1rio, volta no tempo.<\/h4>\n<p>[\/et_pb_text][et_pb_blog posts_number=&#8221;9&#8243; include_categories=&#8221;,all&#8221; show_content=&#8221;on&#8221; show_author=&#8221;off&#8221; show_date=&#8221;off&#8221; _builder_version=&#8221;4.25.1&#8243; _module_preset=&#8221;5110ec57-bc67-41d3-a25d-9fc2166e9245&#8243; read_more_text_color=&#8221;gcid-3e93bdc5-146d-448e-a761-9f1b4dd51113&#8243; global_colors_info=&#8221;{%22gcid-3e93bdc5-146d-448e-a761-9f1b4dd51113%22:%91%22meta_text_color%22,%22pagination_text_color%22,%22read_more_text_color%22%93}&#8221;][\/et_pb_blog][\/et_pb_column][\/et_pb_row][\/et_pb_section][et_pb_section fb_built=&#8221;1&#8243; admin_label=&#8221;Subscribe&#8221; _builder_version=&#8221;4.25.1&#8243; _module_preset=&#8221;default&#8221; background_image=&#8221;https:\/\/capt-action.com\/wp-content\/uploads\/2024\/04\/partagez_vos_capt_action-1-scaled.jpg&#8221; parallax=&#8221;on&#8221; custom_padding=&#8221;8vw||8vw||true|false&#8221; collapsed=&#8221;on&#8221; global_colors_info=&#8221;{}&#8221;][et_pb_row custom_padding_last_edited=&#8221;on|phone&#8221; _builder_version=&#8221;4.24.3&#8243; _module_preset=&#8221;default&#8221; background_color=&#8221;#FFFFFF&#8221; max_width=&#8221;900px&#8221; custom_padding=&#8221;60px|60px|60px|60px|true|true&#8221; custom_padding_tablet=&#8221;40px|40px|40px|40px|true|true&#8221; custom_padding_phone=&#8221;30px|30px|30px|30px|true|true&#8221; global_colors_info=&#8221;{}&#8221;][et_pb_column type=&#8221;4_4&#8243; _builder_version=&#8221;4.24.3&#8243; _module_preset=&#8221;default&#8221; global_colors_info=&#8221;{}&#8221;][et_pb_heading title=&#8221;Newsletter&#8221; _builder_version=&#8221;4.25.1&#8243; _module_preset=&#8221;a227d2ce-c180-44d6-83b3-458dcdca2efd&#8221; title_text_align=&#8221;center&#8221; locked=&#8221;off&#8221; global_colors_info=&#8221;{}&#8221;][\/et_pb_heading][et_pb_signup mailchimp_list=&#8221;undefined|undefined|&#8221; first_name_field=&#8221;off&#8221; last_name_field=&#8221;off&#8221; button_text=&#8221;Subscrever&#8221; _builder_version=&#8221;4.25.1&#8243; _module_preset=&#8221;default&#8221; form_field_background_color=&#8221;RGBA(255,255,255,0)&#8221; form_field_focus_text_color=&#8221;#000000&#8243; form_field_font=&#8221;Josefin Sans||||||||&#8221; form_field_font_size=&#8221;16px&#8221; form_field_line_height=&#8221;1.8em&#8221; background_enable_color=&#8221;off&#8221; use_background_color=&#8221;off&#8221; custom_button=&#8221;on&#8221; button_text_size=&#8221;14px&#8221; button_bg_color=&#8221;gcid-c7d8f091-13fc-48ff-a161-01fd58ed72d5&#8243; button_border_width=&#8221;0px&#8221; button_border_radius=&#8221;0px&#8221; button_letter_spacing=&#8221;1px&#8221; button_font=&#8221;Encode Sans Condensed|700|||||||&#8221; button_icon=&#8221;&#x24;||divi||400&#8243; button_custom_padding=&#8221;18px|40px|18px|40px|true|true&#8221; form_field_font_size_tablet=&#8221;15px&#8221; form_field_font_size_phone=&#8221;14px&#8221; form_field_font_size_last_edited=&#8221;on|desktop&#8221; border_radii_fields=&#8221;on|0px|0px|0px|0px&#8221; border_width_all_fields=&#8221;2px&#8221; border_color_all_fields=&#8221;rgba(0,0,0,0.15)&#8221; global_colors_info=&#8221;{%22gcid-c7d8f091-13fc-48ff-a161-01fd58ed72d5%22:%91%22button_bg_color%22%93}&#8221;][\/et_pb_signup][\/et_pb_column][\/et_pb_row][\/et_pb_section]<\/p>\n","protected":false},"excerpt":{"rendered":"<p>O aplicativo de v\u00eddeo Capt-Action permite filmar, gravar e compartilhar seus v\u00eddeos com facilidade Mas n\u00e3o qualquer v\u00eddeo! Voc\u00ea filma a situa\u00e7\u00e3o ou oportunidade certa porque aciona a captura assim que a a\u00e7\u00e3o \u00e9 conclu\u00edda. O aplicativo de v\u00eddeo Capt-Action \u00e9 simplesmente revolucion\u00e1rio, volta no tempo.<\/p>\n","protected":false},"author":2,"featured_media":0,"parent":0,"menu_order":0,"comment_status":"closed","ping_status":"closed","template":"","meta":{"_et_pb_use_builder":"on","_et_pb_old_content":"","_et_gb_content_width":"","footnotes":""},"class_list":["post-1012","page","type-page","status-publish","hentry"],"yoast_head":"<!-- This site is optimized with the Yoast SEO plugin v27.2 - https:\/\/yoast.com\/product\/yoast-seo-wordpress\/ -->\n<title>Aplicativo de v\u00eddeo Capt-Action - Blog Capt-Action - Capt-Action<\/title>\n<meta name=\"description\" content=\"O aplicativo de v\u00eddeo Capt-Action permite filmar, gravar e compartilhar seus v\u00eddeos com facilidade\" \/>\n<meta name=\"robots\" content=\"index, follow, max-snippet:-1, max-image-preview:large, max-video-preview:-1\" \/>\n<link rel=\"canonical\" href=\"https:\/\/capt-action.com\/pt-pt\/blog-capt-action\/\" \/>\n<meta property=\"og:locale\" content=\"pt_PT\" \/>\n<meta property=\"og:type\" content=\"article\" \/>\n<meta property=\"og:title\" content=\"Aplicativo de v\u00eddeo Capt-Action - Blog Capt-Action - Capt-Action\" \/>\n<meta property=\"og:description\" content=\"O aplicativo de v\u00eddeo Capt-Action permite filmar, gravar e compartilhar seus v\u00eddeos com facilidade\" \/>\n<meta property=\"og:url\" content=\"https:\/\/capt-action.com\/pt-pt\/blog-capt-action\/\" \/>\n<meta property=\"og:site_name\" content=\"Capt-Action\" \/>\n<meta property=\"article:publisher\" content=\"https:\/\/www.facebook.com\/profile.php?id=61558486032400\" \/>\n<meta property=\"article:modified_time\" content=\"2024-09-08T10:55:49+00:00\" \/>\n<meta name=\"twitter:card\" content=\"summary_large_image\" \/>\n<meta name=\"twitter:label1\" content=\"Tempo estimado de leitura\" \/>\n\t<meta name=\"twitter:data1\" content=\"3 minutos\" \/>\n<script type=\"application\/ld+json\" class=\"yoast-schema-graph\">{\"@context\":\"https:\/\/schema.org\",\"@graph\":[{\"@type\":\"WebPage\",\"@id\":\"https:\/\/capt-action.com\/pt-pt\/blog-capt-action\/\",\"url\":\"https:\/\/capt-action.com\/pt-pt\/blog-capt-action\/\",\"name\":\"Aplicativo de v\u00eddeo Capt-Action - Blog Capt-Action - Capt-Action\",\"isPartOf\":{\"@id\":\"https:\/\/capt-action.com\/pt-pt\/#website\"},\"datePublished\":\"2024-05-27T09:32:44+00:00\",\"dateModified\":\"2024-09-08T10:55:49+00:00\",\"description\":\"O aplicativo de v\u00eddeo Capt-Action permite filmar, gravar e compartilhar seus v\u00eddeos com facilidade\",\"breadcrumb\":{\"@id\":\"https:\/\/capt-action.com\/pt-pt\/blog-capt-action\/#breadcrumb\"},\"inLanguage\":\"pt-PT\",\"potentialAction\":[{\"@type\":\"ReadAction\",\"target\":[\"https:\/\/capt-action.com\/pt-pt\/blog-capt-action\/\"]}]},{\"@type\":\"BreadcrumbList\",\"@id\":\"https:\/\/capt-action.com\/pt-pt\/blog-capt-action\/#breadcrumb\",\"itemListElement\":[{\"@type\":\"ListItem\",\"position\":1,\"name\":\"Accueil\",\"item\":\"https:\/\/capt-action.com\/pt-pt\/decouvrez-capt-action\/\"},{\"@type\":\"ListItem\",\"position\":2,\"name\":\"Blog Capt-Action\"}]},{\"@type\":\"WebSite\",\"@id\":\"https:\/\/capt-action.com\/pt-pt\/#website\",\"url\":\"https:\/\/capt-action.com\/pt-pt\/\",\"name\":\"Capt-Action\",\"description\":\"Capture les Actions du quotidien !\",\"publisher\":{\"@id\":\"https:\/\/capt-action.com\/pt-pt\/#organization\"},\"potentialAction\":[{\"@type\":\"SearchAction\",\"target\":{\"@type\":\"EntryPoint\",\"urlTemplate\":\"https:\/\/capt-action.com\/pt-pt\/?s={search_term_string}\"},\"query-input\":{\"@type\":\"PropertyValueSpecification\",\"valueRequired\":true,\"valueName\":\"search_term_string\"}}],\"inLanguage\":\"pt-PT\"},{\"@type\":\"Organization\",\"@id\":\"https:\/\/capt-action.com\/pt-pt\/#organization\",\"name\":\"Capt-Action\",\"url\":\"https:\/\/capt-action.com\/pt-pt\/\",\"logo\":{\"@type\":\"ImageObject\",\"inLanguage\":\"pt-PT\",\"@id\":\"https:\/\/capt-action.com\/pt-pt\/#\/schema\/logo\/image\/\",\"url\":\"https:\/\/capt-action.com\/wp-content\/uploads\/2024\/04\/logo_capt_action_ok.png\",\"contentUrl\":\"https:\/\/capt-action.com\/wp-content\/uploads\/2024\/04\/logo_capt_action_ok.png\",\"width\":534,\"height\":144,\"caption\":\"Capt-Action\"},\"image\":{\"@id\":\"https:\/\/capt-action.com\/pt-pt\/#\/schema\/logo\/image\/\"},\"sameAs\":[\"https:\/\/www.facebook.com\/profile.php?id=61558486032400\"]}]}<\/script>\n<!-- \/ Yoast SEO plugin. -->","yoast_head_json":{"title":"Aplicativo de v\u00eddeo Capt-Action - Blog Capt-Action - Capt-Action","description":"O aplicativo de v\u00eddeo Capt-Action permite filmar, gravar e compartilhar seus v\u00eddeos com facilidade","robots":{"index":"index","follow":"follow","max-snippet":"max-snippet:-1","max-image-preview":"max-image-preview:large","max-video-preview":"max-video-preview:-1"},"canonical":"https:\/\/capt-action.com\/pt-pt\/blog-capt-action\/","og_locale":"pt_PT","og_type":"article","og_title":"Aplicativo de v\u00eddeo Capt-Action - Blog Capt-Action - Capt-Action","og_description":"O aplicativo de v\u00eddeo Capt-Action permite filmar, gravar e compartilhar seus v\u00eddeos com facilidade","og_url":"https:\/\/capt-action.com\/pt-pt\/blog-capt-action\/","og_site_name":"Capt-Action","article_publisher":"https:\/\/www.facebook.com\/profile.php?id=61558486032400","article_modified_time":"2024-09-08T10:55:49+00:00","twitter_card":"summary_large_image","twitter_misc":{"Tempo estimado de leitura":"3 minutos"},"schema":{"@context":"https:\/\/schema.org","@graph":[{"@type":"WebPage","@id":"https:\/\/capt-action.com\/pt-pt\/blog-capt-action\/","url":"https:\/\/capt-action.com\/pt-pt\/blog-capt-action\/","name":"Aplicativo de v\u00eddeo Capt-Action - Blog Capt-Action - Capt-Action","isPartOf":{"@id":"https:\/\/capt-action.com\/pt-pt\/#website"},"datePublished":"2024-05-27T09:32:44+00:00","dateModified":"2024-09-08T10:55:49+00:00","description":"O aplicativo de v\u00eddeo Capt-Action permite filmar, gravar e compartilhar seus v\u00eddeos com facilidade","breadcrumb":{"@id":"https:\/\/capt-action.com\/pt-pt\/blog-capt-action\/#breadcrumb"},"inLanguage":"pt-PT","potentialAction":[{"@type":"ReadAction","target":["https:\/\/capt-action.com\/pt-pt\/blog-capt-action\/"]}]},{"@type":"BreadcrumbList","@id":"https:\/\/capt-action.com\/pt-pt\/blog-capt-action\/#breadcrumb","itemListElement":[{"@type":"ListItem","position":1,"name":"Accueil","item":"https:\/\/capt-action.com\/pt-pt\/decouvrez-capt-action\/"},{"@type":"ListItem","position":2,"name":"Blog Capt-Action"}]},{"@type":"WebSite","@id":"https:\/\/capt-action.com\/pt-pt\/#website","url":"https:\/\/capt-action.com\/pt-pt\/","name":"Capt-Action","description":"Capture les Actions du quotidien !","publisher":{"@id":"https:\/\/capt-action.com\/pt-pt\/#organization"},"potentialAction":[{"@type":"SearchAction","target":{"@type":"EntryPoint","urlTemplate":"https:\/\/capt-action.com\/pt-pt\/?s={search_term_string}"},"query-input":{"@type":"PropertyValueSpecification","valueRequired":true,"valueName":"search_term_string"}}],"inLanguage":"pt-PT"},{"@type":"Organization","@id":"https:\/\/capt-action.com\/pt-pt\/#organization","name":"Capt-Action","url":"https:\/\/capt-action.com\/pt-pt\/","logo":{"@type":"ImageObject","inLanguage":"pt-PT","@id":"https:\/\/capt-action.com\/pt-pt\/#\/schema\/logo\/image\/","url":"https:\/\/capt-action.com\/wp-content\/uploads\/2024\/04\/logo_capt_action_ok.png","contentUrl":"https:\/\/capt-action.com\/wp-content\/uploads\/2024\/04\/logo_capt_action_ok.png","width":534,"height":144,"caption":"Capt-Action"},"image":{"@id":"https:\/\/capt-action.com\/pt-pt\/#\/schema\/logo\/image\/"},"sameAs":["https:\/\/www.facebook.com\/profile.php?id=61558486032400"]}]}},"_links":{"self":[{"href":"https:\/\/capt-action.com\/pt-pt\/wp-json\/wp\/v2\/pages\/1012","targetHints":{"allow":["GET"]}}],"collection":[{"href":"https:\/\/capt-action.com\/pt-pt\/wp-json\/wp\/v2\/pages"}],"about":[{"href":"https:\/\/capt-action.com\/pt-pt\/wp-json\/wp\/v2\/types\/page"}],"author":[{"embeddable":true,"href":"https:\/\/capt-action.com\/pt-pt\/wp-json\/wp\/v2\/users\/2"}],"replies":[{"embeddable":true,"href":"https:\/\/capt-action.com\/pt-pt\/wp-json\/wp\/v2\/comments?post=1012"}],"version-history":[{"count":19,"href":"https:\/\/capt-action.com\/pt-pt\/wp-json\/wp\/v2\/pages\/1012\/revisions"}],"predecessor-version":[{"id":1547,"href":"https:\/\/capt-action.com\/pt-pt\/wp-json\/wp\/v2\/pages\/1012\/revisions\/1547"}],"wp:attachment":[{"href":"https:\/\/capt-action.com\/pt-pt\/wp-json\/wp\/v2\/media?parent=1012"}],"curies":[{"name":"wp","href":"https:\/\/api.w.org\/{rel}","templated":true}]}}