{"id":1006,"date":"2024-05-27T11:32:44","date_gmt":"2024-05-27T09:32:44","guid":{"rendered":"https:\/\/capt-action.com\/blog-capt-action\/"},"modified":"2024-09-08T12:55:48","modified_gmt":"2024-09-08T10:55:48","slug":"blog-capt-action","status":"publish","type":"page","link":"https:\/\/capt-action.com\/es\/blog-capt-action\/","title":{"rendered":"Blog Capt-Action"},"content":{"rendered":"<p>[et_pb_section fb_built=\u00bb1&#8243; admin_label=\u00bbHeader &#038; Blog\u00bb _builder_version=\u00bb4.24.3&#8243; _module_preset=\u00bbdefault\u00bb locked=\u00bboff\u00bb collapsed=\u00bbon\u00bb global_colors_info=\u00bb{}\u00bb][et_pb_row _builder_version=\u00bb4.24.3&#8243; _module_preset=\u00bbdefault\u00bb max_width=\u00bbnone\u00bb global_colors_info=\u00bb{}\u00bb][et_pb_column type=\u00bb4_4&#8243; _builder_version=\u00bb4.24.3&#8243; _module_preset=\u00bbdefault\u00bb global_colors_info=\u00bb{}\u00bb][et_pb_heading title=\u00bbBlog Capt-Action\u00bb _builder_version=\u00bb4.25.1&#8243; _module_preset=\u00bbd57b7120-826e-4d35-bbdb-7046650bf239&#8243; title_text_align=\u00bbcenter\u00bb locked=\u00bboff\u00bb global_colors_info=\u00bb{}\u00bb][\/et_pb_heading][et_pb_text _builder_version=\u00bb4.25.1&#8243; _module_preset=\u00bbae6d61f9-5f99-4a07-a37f-d943ae9b1e2a\u00bb text_font=\u00bbJosefin Sans||||||||\u00bb text_font_size=\u00bb20px\u00bb global_colors_info=\u00bb{}\u00bb]<\/p>\n<h4>La aplicaci\u00f3n de v\u00eddeo Capt-Action te permite filmar, guardar y compartir tus v\u00eddeos con facilidad. \u00a1Pero no un v\u00eddeo cualquiera! Filmas la situaci\u00f3n u oportunidad correcta porque activas la captura una vez que se completa la acci\u00f3n. La aplicaci\u00f3n de v\u00eddeo Capt-Action es sencillamente revolucionaria, retrocede en el tiempo.<\/h4>\n<p>[\/et_pb_text][et_pb_blog posts_number=\u00bb9&#8243; include_categories=\u00bb,all\u00bb show_content=\u00bbon\u00bb show_author=\u00bboff\u00bb show_date=\u00bboff\u00bb _builder_version=\u00bb4.25.1&#8243; _module_preset=\u00bb5110ec57-bc67-41d3-a25d-9fc2166e9245&#8243; read_more_text_color=\u00bbgcid-3e93bdc5-146d-448e-a761-9f1b4dd51113&#8243; global_colors_info=\u00bb{%22gcid-3e93bdc5-146d-448e-a761-9f1b4dd51113%22:%91%22meta_text_color%22,%22pagination_text_color%22,%22read_more_text_color%22%93}\u00bb][\/et_pb_blog][\/et_pb_column][\/et_pb_row][\/et_pb_section][et_pb_section fb_built=\u00bb1&#8243; admin_label=\u00bbSubscribe\u00bb _builder_version=\u00bb4.25.1&#8243; _module_preset=\u00bbdefault\u00bb background_image=\u00bbhttps:\/\/capt-action.com\/wp-content\/uploads\/2024\/04\/partagez_vos_capt_action-1-scaled.jpg\u00bb parallax=\u00bbon\u00bb custom_padding=\u00bb8vw||8vw||true|false\u00bb collapsed=\u00bbon\u00bb global_colors_info=\u00bb{}\u00bb][et_pb_row custom_padding_last_edited=\u00bbon|phone\u00bb _builder_version=\u00bb4.24.3&#8243; _module_preset=\u00bbdefault\u00bb background_color=\u00bb#FFFFFF\u00bb max_width=\u00bb900px\u00bb custom_padding=\u00bb60px|60px|60px|60px|true|true\u00bb custom_padding_tablet=\u00bb40px|40px|40px|40px|true|true\u00bb custom_padding_phone=\u00bb30px|30px|30px|30px|true|true\u00bb global_colors_info=\u00bb{}\u00bb][et_pb_column type=\u00bb4_4&#8243; _builder_version=\u00bb4.24.3&#8243; _module_preset=\u00bbdefault\u00bb global_colors_info=\u00bb{}\u00bb][et_pb_heading title=\u00bbNewsletter\u00bb _builder_version=\u00bb4.25.1&#8243; _module_preset=\u00bba227d2ce-c180-44d6-83b3-458dcdca2efd\u00bb title_text_align=\u00bbcenter\u00bb locked=\u00bboff\u00bb global_colors_info=\u00bb{}\u00bb][\/et_pb_heading][et_pb_signup mailchimp_list=\u00bbundefined|undefined|\u00bb first_name_field=\u00bboff\u00bb last_name_field=\u00bboff\u00bb button_text=\u00bbSuscribirse\u00bb _builder_version=\u00bb4.25.1&#8243; _module_preset=\u00bbdefault\u00bb form_field_background_color=\u00bbRGBA(255,255,255,0)\u00bb form_field_focus_text_color=\u00bb#000000&#8243; form_field_font=\u00bbJosefin Sans||||||||\u00bb form_field_font_size=\u00bb16px\u00bb form_field_line_height=\u00bb1.8em\u00bb background_enable_color=\u00bboff\u00bb use_background_color=\u00bboff\u00bb custom_button=\u00bbon\u00bb button_text_size=\u00bb14px\u00bb button_bg_color=\u00bbgcid-c7d8f091-13fc-48ff-a161-01fd58ed72d5&#8243; button_border_width=\u00bb0px\u00bb button_border_radius=\u00bb0px\u00bb button_letter_spacing=\u00bb1px\u00bb button_font=\u00bbEncode Sans Condensed|700|||||||\u00bb button_icon=\u00bb&#x24;||divi||400&#8243; button_custom_padding=\u00bb18px|40px|18px|40px|true|true\u00bb form_field_font_size_tablet=\u00bb15px\u00bb form_field_font_size_phone=\u00bb14px\u00bb form_field_font_size_last_edited=\u00bbon|desktop\u00bb border_radii_fields=\u00bbon|0px|0px|0px|0px\u00bb border_width_all_fields=\u00bb2px\u00bb border_color_all_fields=\u00bbrgba(0,0,0,0.15)\u00bb global_colors_info=\u00bb{%22gcid-c7d8f091-13fc-48ff-a161-01fd58ed72d5%22:%91%22button_bg_color%22%93}\u00bb][\/et_pb_signup][\/et_pb_column][\/et_pb_row][\/et_pb_section]<\/p>\n","protected":false},"excerpt":{"rendered":"<p>La aplicaci\u00f3n de v\u00eddeo Capt-Action te permite filmar, guardar y compartir tus v\u00eddeos con facilidad. \u00a1Pero no un v\u00eddeo cualquiera! Filmas la situaci\u00f3n u oportunidad correcta porque activas la captura una vez que se completa la acci\u00f3n. La aplicaci\u00f3n de v\u00eddeo Capt-Action es sencillamente revolucionaria, retrocede en el tiempo.<\/p>\n","protected":false},"author":2,"featured_media":0,"parent":0,"menu_order":0,"comment_status":"closed","ping_status":"closed","template":"","meta":{"_et_pb_use_builder":"on","_et_pb_old_content":"","_et_gb_content_width":"","footnotes":""},"class_list":["post-1006","page","type-page","status-publish","hentry"],"yoast_head":"<!-- This site is optimized with the Yoast SEO plugin v27.2 - https:\/\/yoast.com\/product\/yoast-seo-wordpress\/ -->\n<title>Aplicaci\u00f3n de v\u00eddeo Capt-Action: Blog Capt-Action - Capt-Action<\/title>\n<meta name=\"description\" content=\"La aplicaci\u00f3n de v\u00eddeo Capt-Action te permite filmar, grabar y compartir tus v\u00eddeos con facilidad\" \/>\n<meta name=\"robots\" content=\"index, follow, max-snippet:-1, max-image-preview:large, max-video-preview:-1\" \/>\n<link rel=\"canonical\" href=\"https:\/\/capt-action.com\/es\/blog-capt-action\/\" \/>\n<meta property=\"og:locale\" content=\"es_ES\" \/>\n<meta property=\"og:type\" content=\"article\" \/>\n<meta property=\"og:title\" content=\"Aplicaci\u00f3n de v\u00eddeo Capt-Action: Blog Capt-Action - Capt-Action\" \/>\n<meta property=\"og:description\" content=\"La aplicaci\u00f3n de v\u00eddeo Capt-Action te permite filmar, grabar y compartir tus v\u00eddeos con facilidad\" \/>\n<meta property=\"og:url\" content=\"https:\/\/capt-action.com\/es\/blog-capt-action\/\" \/>\n<meta property=\"og:site_name\" content=\"Capt-Action\" \/>\n<meta property=\"article:publisher\" content=\"https:\/\/www.facebook.com\/profile.php?id=61558486032400\" \/>\n<meta property=\"article:modified_time\" content=\"2024-09-08T10:55:48+00:00\" \/>\n<meta name=\"twitter:card\" content=\"summary_large_image\" \/>\n<meta name=\"twitter:label1\" content=\"Tiempo de lectura\" \/>\n\t<meta name=\"twitter:data1\" content=\"3 minutos\" \/>\n<script type=\"application\/ld+json\" class=\"yoast-schema-graph\">{\"@context\":\"https:\/\/schema.org\",\"@graph\":[{\"@type\":\"WebPage\",\"@id\":\"https:\/\/capt-action.com\/es\/blog-capt-action\/\",\"url\":\"https:\/\/capt-action.com\/es\/blog-capt-action\/\",\"name\":\"Aplicaci\u00f3n de v\u00eddeo Capt-Action: Blog Capt-Action - Capt-Action\",\"isPartOf\":{\"@id\":\"https:\/\/capt-action.com\/es\/#website\"},\"datePublished\":\"2024-05-27T09:32:44+00:00\",\"dateModified\":\"2024-09-08T10:55:48+00:00\",\"description\":\"La aplicaci\u00f3n de v\u00eddeo Capt-Action te permite filmar, grabar y compartir tus v\u00eddeos con facilidad\",\"breadcrumb\":{\"@id\":\"https:\/\/capt-action.com\/es\/blog-capt-action\/#breadcrumb\"},\"inLanguage\":\"es\",\"potentialAction\":[{\"@type\":\"ReadAction\",\"target\":[\"https:\/\/capt-action.com\/es\/blog-capt-action\/\"]}]},{\"@type\":\"BreadcrumbList\",\"@id\":\"https:\/\/capt-action.com\/es\/blog-capt-action\/#breadcrumb\",\"itemListElement\":[{\"@type\":\"ListItem\",\"position\":1,\"name\":\"Accueil\",\"item\":\"https:\/\/capt-action.com\/es\/decouvrez-capt-action\/\"},{\"@type\":\"ListItem\",\"position\":2,\"name\":\"Blog Capt-Action\"}]},{\"@type\":\"WebSite\",\"@id\":\"https:\/\/capt-action.com\/es\/#website\",\"url\":\"https:\/\/capt-action.com\/es\/\",\"name\":\"Capt-Action\",\"description\":\"Capture les Actions du quotidien !\",\"publisher\":{\"@id\":\"https:\/\/capt-action.com\/es\/#organization\"},\"potentialAction\":[{\"@type\":\"SearchAction\",\"target\":{\"@type\":\"EntryPoint\",\"urlTemplate\":\"https:\/\/capt-action.com\/es\/?s={search_term_string}\"},\"query-input\":{\"@type\":\"PropertyValueSpecification\",\"valueRequired\":true,\"valueName\":\"search_term_string\"}}],\"inLanguage\":\"es\"},{\"@type\":\"Organization\",\"@id\":\"https:\/\/capt-action.com\/es\/#organization\",\"name\":\"Capt-Action\",\"url\":\"https:\/\/capt-action.com\/es\/\",\"logo\":{\"@type\":\"ImageObject\",\"inLanguage\":\"es\",\"@id\":\"https:\/\/capt-action.com\/es\/#\/schema\/logo\/image\/\",\"url\":\"https:\/\/capt-action.com\/wp-content\/uploads\/2024\/04\/logo_capt_action_ok.png\",\"contentUrl\":\"https:\/\/capt-action.com\/wp-content\/uploads\/2024\/04\/logo_capt_action_ok.png\",\"width\":534,\"height\":144,\"caption\":\"Capt-Action\"},\"image\":{\"@id\":\"https:\/\/capt-action.com\/es\/#\/schema\/logo\/image\/\"},\"sameAs\":[\"https:\/\/www.facebook.com\/profile.php?id=61558486032400\"]}]}<\/script>\n<!-- \/ Yoast SEO plugin. -->","yoast_head_json":{"title":"Aplicaci\u00f3n de v\u00eddeo Capt-Action: Blog Capt-Action - Capt-Action","description":"La aplicaci\u00f3n de v\u00eddeo Capt-Action te permite filmar, grabar y compartir tus v\u00eddeos con facilidad","robots":{"index":"index","follow":"follow","max-snippet":"max-snippet:-1","max-image-preview":"max-image-preview:large","max-video-preview":"max-video-preview:-1"},"canonical":"https:\/\/capt-action.com\/es\/blog-capt-action\/","og_locale":"es_ES","og_type":"article","og_title":"Aplicaci\u00f3n de v\u00eddeo Capt-Action: Blog Capt-Action - Capt-Action","og_description":"La aplicaci\u00f3n de v\u00eddeo Capt-Action te permite filmar, grabar y compartir tus v\u00eddeos con facilidad","og_url":"https:\/\/capt-action.com\/es\/blog-capt-action\/","og_site_name":"Capt-Action","article_publisher":"https:\/\/www.facebook.com\/profile.php?id=61558486032400","article_modified_time":"2024-09-08T10:55:48+00:00","twitter_card":"summary_large_image","twitter_misc":{"Tiempo de lectura":"3 minutos"},"schema":{"@context":"https:\/\/schema.org","@graph":[{"@type":"WebPage","@id":"https:\/\/capt-action.com\/es\/blog-capt-action\/","url":"https:\/\/capt-action.com\/es\/blog-capt-action\/","name":"Aplicaci\u00f3n de v\u00eddeo Capt-Action: Blog Capt-Action - Capt-Action","isPartOf":{"@id":"https:\/\/capt-action.com\/es\/#website"},"datePublished":"2024-05-27T09:32:44+00:00","dateModified":"2024-09-08T10:55:48+00:00","description":"La aplicaci\u00f3n de v\u00eddeo Capt-Action te permite filmar, grabar y compartir tus v\u00eddeos con facilidad","breadcrumb":{"@id":"https:\/\/capt-action.com\/es\/blog-capt-action\/#breadcrumb"},"inLanguage":"es","potentialAction":[{"@type":"ReadAction","target":["https:\/\/capt-action.com\/es\/blog-capt-action\/"]}]},{"@type":"BreadcrumbList","@id":"https:\/\/capt-action.com\/es\/blog-capt-action\/#breadcrumb","itemListElement":[{"@type":"ListItem","position":1,"name":"Accueil","item":"https:\/\/capt-action.com\/es\/decouvrez-capt-action\/"},{"@type":"ListItem","position":2,"name":"Blog Capt-Action"}]},{"@type":"WebSite","@id":"https:\/\/capt-action.com\/es\/#website","url":"https:\/\/capt-action.com\/es\/","name":"Capt-Action","description":"Capture les Actions du quotidien !","publisher":{"@id":"https:\/\/capt-action.com\/es\/#organization"},"potentialAction":[{"@type":"SearchAction","target":{"@type":"EntryPoint","urlTemplate":"https:\/\/capt-action.com\/es\/?s={search_term_string}"},"query-input":{"@type":"PropertyValueSpecification","valueRequired":true,"valueName":"search_term_string"}}],"inLanguage":"es"},{"@type":"Organization","@id":"https:\/\/capt-action.com\/es\/#organization","name":"Capt-Action","url":"https:\/\/capt-action.com\/es\/","logo":{"@type":"ImageObject","inLanguage":"es","@id":"https:\/\/capt-action.com\/es\/#\/schema\/logo\/image\/","url":"https:\/\/capt-action.com\/wp-content\/uploads\/2024\/04\/logo_capt_action_ok.png","contentUrl":"https:\/\/capt-action.com\/wp-content\/uploads\/2024\/04\/logo_capt_action_ok.png","width":534,"height":144,"caption":"Capt-Action"},"image":{"@id":"https:\/\/capt-action.com\/es\/#\/schema\/logo\/image\/"},"sameAs":["https:\/\/www.facebook.com\/profile.php?id=61558486032400"]}]}},"_links":{"self":[{"href":"https:\/\/capt-action.com\/es\/wp-json\/wp\/v2\/pages\/1006","targetHints":{"allow":["GET"]}}],"collection":[{"href":"https:\/\/capt-action.com\/es\/wp-json\/wp\/v2\/pages"}],"about":[{"href":"https:\/\/capt-action.com\/es\/wp-json\/wp\/v2\/types\/page"}],"author":[{"embeddable":true,"href":"https:\/\/capt-action.com\/es\/wp-json\/wp\/v2\/users\/2"}],"replies":[{"embeddable":true,"href":"https:\/\/capt-action.com\/es\/wp-json\/wp\/v2\/comments?post=1006"}],"version-history":[{"count":21,"href":"https:\/\/capt-action.com\/es\/wp-json\/wp\/v2\/pages\/1006\/revisions"}],"predecessor-version":[{"id":1544,"href":"https:\/\/capt-action.com\/es\/wp-json\/wp\/v2\/pages\/1006\/revisions\/1544"}],"wp:attachment":[{"href":"https:\/\/capt-action.com\/es\/wp-json\/wp\/v2\/media?parent=1006"}],"curies":[{"name":"wp","href":"https:\/\/api.w.org\/{rel}","templated":true}]}}