{"id":1030,"date":"2024-05-27T11:32:44","date_gmt":"2024-05-27T09:32:44","guid":{"rendered":"https:\/\/capt-action.com\/capt-action-blog\/"},"modified":"2024-09-08T12:55:48","modified_gmt":"2024-09-08T10:55:48","slug":"capt-action-blog","status":"publish","type":"page","link":"https:\/\/capt-action.com\/de\/capt-action-blog\/","title":{"rendered":"Capt-Action Blog"},"content":{"rendered":"<p>[et_pb_section fb_built=&#8220;1&#8243; admin_label=&#8220;Header &#038; Blog&#8220; _builder_version=&#8220;4.24.3&#8243; _module_preset=&#8220;default&#8220; locked=&#8220;off&#8220; collapsed=&#8220;on&#8220; global_colors_info=&#8220;{}&#8220;][et_pb_row _builder_version=&#8220;4.24.3&#8243; _module_preset=&#8220;default&#8220; max_width=&#8220;none&#8220; global_colors_info=&#8220;{}&#8220;][et_pb_column type=&#8220;4_4&#8243; _builder_version=&#8220;4.24.3&#8243; _module_preset=&#8220;default&#8220; global_colors_info=&#8220;{}&#8220;][et_pb_heading title=&#8220;Capt-Action Blog&#8220; _builder_version=&#8220;4.25.1&#8243; _module_preset=&#8220;d57b7120-826e-4d35-bbdb-7046650bf239&#8243; title_text_align=&#8220;center&#8220; locked=&#8220;off&#8220; global_colors_info=&#8220;{}&#8220;][\/et_pb_heading][et_pb_text _builder_version=&#8220;4.25.1&#8243; _module_preset=&#8220;ae6d61f9-5f99-4a07-a37f-d943ae9b1e2a&#8220; text_font=&#8220;Josefin Sans||||||||&#8220; text_font_size=&#8220;20px&#8220; global_colors_info=&#8220;{}&#8220;]<\/p>\n<h4>Mit der Capt-Action-Videoanwendung k\u00f6nnen Sie Ihre Videos ganz einfach filmen, speichern und teilen. Aber nicht irgendein Video! Sie filmen die richtige Situation oder Gelegenheit, weil Sie die Aufnahme ausl\u00f6sen, sobald die Aktion abgeschlossen ist. Die Capt-Action-Videoanwendung ist einfach revolution\u00e4r, sie geht in die Vergangenheit zur\u00fcck.<\/h4>\n<p>[\/et_pb_text][et_pb_blog posts_number=&#8220;9&#8243; include_categories=&#8220;,all&#8220; show_content=&#8220;on&#8220; show_author=&#8220;off&#8220; show_date=&#8220;off&#8220; _builder_version=&#8220;4.25.1&#8243; _module_preset=&#8220;5110ec57-bc67-41d3-a25d-9fc2166e9245&#8243; read_more_text_color=&#8220;gcid-3e93bdc5-146d-448e-a761-9f1b4dd51113&#8243; global_colors_info=&#8220;{%22gcid-3e93bdc5-146d-448e-a761-9f1b4dd51113%22:%91%22meta_text_color%22,%22pagination_text_color%22,%22read_more_text_color%22%93}&#8220;][\/et_pb_blog][\/et_pb_column][\/et_pb_row][\/et_pb_section][et_pb_section fb_built=&#8220;1&#8243; admin_label=&#8220;Subscribe&#8220; _builder_version=&#8220;4.25.1&#8243; _module_preset=&#8220;default&#8220; background_image=&#8220;https:\/\/capt-action.com\/wp-content\/uploads\/2024\/04\/partagez_vos_capt_action-1-scaled.jpg&#8220; parallax=&#8220;on&#8220; custom_padding=&#8220;8vw||8vw||true|false&#8220; collapsed=&#8220;on&#8220; global_colors_info=&#8220;{}&#8220;][et_pb_row custom_padding_last_edited=&#8220;on|phone&#8220; _builder_version=&#8220;4.24.3&#8243; _module_preset=&#8220;default&#8220; background_color=&#8220;#FFFFFF&#8220; max_width=&#8220;900px&#8220; custom_padding=&#8220;60px|60px|60px|60px|true|true&#8220; custom_padding_tablet=&#8220;40px|40px|40px|40px|true|true&#8220; custom_padding_phone=&#8220;30px|30px|30px|30px|true|true&#8220; global_colors_info=&#8220;{}&#8220;][et_pb_column type=&#8220;4_4&#8243; _builder_version=&#8220;4.24.3&#8243; _module_preset=&#8220;default&#8220; global_colors_info=&#8220;{}&#8220;][et_pb_heading title=&#8220;Newsletter&#8220; _builder_version=&#8220;4.25.1&#8243; _module_preset=&#8220;a227d2ce-c180-44d6-83b3-458dcdca2efd&#8220; title_text_align=&#8220;center&#8220; locked=&#8220;off&#8220; global_colors_info=&#8220;{}&#8220;][\/et_pb_heading][et_pb_signup mailchimp_list=&#8220;undefined|undefined|&#8220; first_name_field=&#8220;off&#8220; last_name_field=&#8220;off&#8220; button_text=&#8220;Abonnieren&#8220; _builder_version=&#8220;4.25.1&#8243; _module_preset=&#8220;default&#8220; form_field_background_color=&#8220;RGBA(255,255,255,0)&#8220; form_field_focus_text_color=&#8220;#000000&#8243; form_field_font=&#8220;Josefin Sans||||||||&#8220; form_field_font_size=&#8220;16px&#8220; form_field_line_height=&#8220;1.8em&#8220; background_enable_color=&#8220;off&#8220; use_background_color=&#8220;off&#8220; custom_button=&#8220;on&#8220; button_text_size=&#8220;14px&#8220; button_bg_color=&#8220;gcid-c7d8f091-13fc-48ff-a161-01fd58ed72d5&#8243; button_border_width=&#8220;0px&#8220; button_border_radius=&#8220;0px&#8220; button_letter_spacing=&#8220;1px&#8220; button_font=&#8220;Encode Sans Condensed|700|||||||&#8220; button_icon=&#8220;&#x24;||divi||400&#8243; button_custom_padding=&#8220;18px|40px|18px|40px|true|true&#8220; form_field_font_size_tablet=&#8220;15px&#8220; form_field_font_size_phone=&#8220;14px&#8220; form_field_font_size_last_edited=&#8220;on|desktop&#8220; border_radii_fields=&#8220;on|0px|0px|0px|0px&#8220; border_width_all_fields=&#8220;2px&#8220; border_color_all_fields=&#8220;rgba(0,0,0,0.15)&#8220; global_colors_info=&#8220;{%22gcid-c7d8f091-13fc-48ff-a161-01fd58ed72d5%22:%91%22button_bg_color%22%93}&#8220;][\/et_pb_signup][\/et_pb_column][\/et_pb_row][\/et_pb_section]<\/p>\n","protected":false},"excerpt":{"rendered":"<p>Mit der Capt-Action-Videoanwendung k\u00f6nnen Sie Ihre Videos ganz einfach filmen, speichern und teilen. Aber nicht irgendein Video! Sie filmen die richtige Situation oder Gelegenheit, weil Sie die Aufnahme ausl\u00f6sen, sobald die Aktion abgeschlossen ist. Die Capt-Action-Videoanwendung ist einfach revolution\u00e4r, sie geht in die Vergangenheit zur\u00fcck.<\/p>\n","protected":false},"author":2,"featured_media":0,"parent":0,"menu_order":0,"comment_status":"closed","ping_status":"closed","template":"","meta":{"_et_pb_use_builder":"on","_et_pb_old_content":"","_et_gb_content_width":"","footnotes":""},"class_list":["post-1030","page","type-page","status-publish","hentry"],"yoast_head":"<!-- This site is optimized with the Yoast SEO plugin v27.2 - https:\/\/yoast.com\/product\/yoast-seo-wordpress\/ -->\n<title>Capt-Action-Videoanwendung \u2013 Capt-Action Blog - Capt-Action<\/title>\n<meta name=\"description\" content=\"Mit der Capt-Action-Videoanwendung k\u00f6nnen Sie Ihre Videos ganz einfach filmen, speichern und teilen.\" \/>\n<meta name=\"robots\" content=\"index, follow, max-snippet:-1, max-image-preview:large, max-video-preview:-1\" \/>\n<link rel=\"canonical\" href=\"https:\/\/capt-action.com\/de\/capt-action-blog\/\" \/>\n<meta property=\"og:locale\" content=\"de_DE\" \/>\n<meta property=\"og:type\" content=\"article\" \/>\n<meta property=\"og:title\" content=\"Capt-Action-Videoanwendung \u2013 Capt-Action Blog - Capt-Action\" \/>\n<meta property=\"og:description\" content=\"Mit der Capt-Action-Videoanwendung k\u00f6nnen Sie Ihre Videos ganz einfach filmen, speichern und teilen.\" \/>\n<meta property=\"og:url\" content=\"https:\/\/capt-action.com\/de\/capt-action-blog\/\" \/>\n<meta property=\"og:site_name\" content=\"Capt-Action\" \/>\n<meta property=\"article:publisher\" content=\"https:\/\/www.facebook.com\/profile.php?id=61558486032400\" \/>\n<meta property=\"article:modified_time\" content=\"2024-09-08T10:55:48+00:00\" \/>\n<meta name=\"twitter:card\" content=\"summary_large_image\" \/>\n<meta name=\"twitter:label1\" content=\"Gesch\u00e4tzte Lesezeit\" \/>\n\t<meta name=\"twitter:data1\" content=\"3\u00a0Minuten\" \/>\n<script type=\"application\/ld+json\" class=\"yoast-schema-graph\">{\"@context\":\"https:\/\/schema.org\",\"@graph\":[{\"@type\":\"WebPage\",\"@id\":\"https:\/\/capt-action.com\/de\/capt-action-blog\/\",\"url\":\"https:\/\/capt-action.com\/de\/capt-action-blog\/\",\"name\":\"Capt-Action-Videoanwendung \u2013 Capt-Action Blog - Capt-Action\",\"isPartOf\":{\"@id\":\"https:\/\/capt-action.com\/de\/#website\"},\"datePublished\":\"2024-05-27T09:32:44+00:00\",\"dateModified\":\"2024-09-08T10:55:48+00:00\",\"description\":\"Mit der Capt-Action-Videoanwendung k\u00f6nnen Sie Ihre Videos ganz einfach filmen, speichern und teilen.\",\"breadcrumb\":{\"@id\":\"https:\/\/capt-action.com\/de\/capt-action-blog\/#breadcrumb\"},\"inLanguage\":\"de\",\"potentialAction\":[{\"@type\":\"ReadAction\",\"target\":[\"https:\/\/capt-action.com\/de\/capt-action-blog\/\"]}]},{\"@type\":\"BreadcrumbList\",\"@id\":\"https:\/\/capt-action.com\/de\/capt-action-blog\/#breadcrumb\",\"itemListElement\":[{\"@type\":\"ListItem\",\"position\":1,\"name\":\"Accueil\",\"item\":\"https:\/\/capt-action.com\/de\/entdecke-capt-action\/\"},{\"@type\":\"ListItem\",\"position\":2,\"name\":\"Capt-Action Blog\"}]},{\"@type\":\"WebSite\",\"@id\":\"https:\/\/capt-action.com\/de\/#website\",\"url\":\"https:\/\/capt-action.com\/de\/\",\"name\":\"Capt-Action\",\"description\":\"Capture les Actions du quotidien !\",\"publisher\":{\"@id\":\"https:\/\/capt-action.com\/de\/#organization\"},\"potentialAction\":[{\"@type\":\"SearchAction\",\"target\":{\"@type\":\"EntryPoint\",\"urlTemplate\":\"https:\/\/capt-action.com\/de\/?s={search_term_string}\"},\"query-input\":{\"@type\":\"PropertyValueSpecification\",\"valueRequired\":true,\"valueName\":\"search_term_string\"}}],\"inLanguage\":\"de\"},{\"@type\":\"Organization\",\"@id\":\"https:\/\/capt-action.com\/de\/#organization\",\"name\":\"Capt-Action\",\"url\":\"https:\/\/capt-action.com\/de\/\",\"logo\":{\"@type\":\"ImageObject\",\"inLanguage\":\"de\",\"@id\":\"https:\/\/capt-action.com\/de\/#\/schema\/logo\/image\/\",\"url\":\"https:\/\/capt-action.com\/wp-content\/uploads\/2024\/04\/logo_capt_action_ok.png\",\"contentUrl\":\"https:\/\/capt-action.com\/wp-content\/uploads\/2024\/04\/logo_capt_action_ok.png\",\"width\":534,\"height\":144,\"caption\":\"Capt-Action\"},\"image\":{\"@id\":\"https:\/\/capt-action.com\/de\/#\/schema\/logo\/image\/\"},\"sameAs\":[\"https:\/\/www.facebook.com\/profile.php?id=61558486032400\"]}]}<\/script>\n<!-- \/ Yoast SEO plugin. -->","yoast_head_json":{"title":"Capt-Action-Videoanwendung \u2013 Capt-Action Blog - Capt-Action","description":"Mit der Capt-Action-Videoanwendung k\u00f6nnen Sie Ihre Videos ganz einfach filmen, speichern und teilen.","robots":{"index":"index","follow":"follow","max-snippet":"max-snippet:-1","max-image-preview":"max-image-preview:large","max-video-preview":"max-video-preview:-1"},"canonical":"https:\/\/capt-action.com\/de\/capt-action-blog\/","og_locale":"de_DE","og_type":"article","og_title":"Capt-Action-Videoanwendung \u2013 Capt-Action Blog - Capt-Action","og_description":"Mit der Capt-Action-Videoanwendung k\u00f6nnen Sie Ihre Videos ganz einfach filmen, speichern und teilen.","og_url":"https:\/\/capt-action.com\/de\/capt-action-blog\/","og_site_name":"Capt-Action","article_publisher":"https:\/\/www.facebook.com\/profile.php?id=61558486032400","article_modified_time":"2024-09-08T10:55:48+00:00","twitter_card":"summary_large_image","twitter_misc":{"Gesch\u00e4tzte Lesezeit":"3\u00a0Minuten"},"schema":{"@context":"https:\/\/schema.org","@graph":[{"@type":"WebPage","@id":"https:\/\/capt-action.com\/de\/capt-action-blog\/","url":"https:\/\/capt-action.com\/de\/capt-action-blog\/","name":"Capt-Action-Videoanwendung \u2013 Capt-Action Blog - Capt-Action","isPartOf":{"@id":"https:\/\/capt-action.com\/de\/#website"},"datePublished":"2024-05-27T09:32:44+00:00","dateModified":"2024-09-08T10:55:48+00:00","description":"Mit der Capt-Action-Videoanwendung k\u00f6nnen Sie Ihre Videos ganz einfach filmen, speichern und teilen.","breadcrumb":{"@id":"https:\/\/capt-action.com\/de\/capt-action-blog\/#breadcrumb"},"inLanguage":"de","potentialAction":[{"@type":"ReadAction","target":["https:\/\/capt-action.com\/de\/capt-action-blog\/"]}]},{"@type":"BreadcrumbList","@id":"https:\/\/capt-action.com\/de\/capt-action-blog\/#breadcrumb","itemListElement":[{"@type":"ListItem","position":1,"name":"Accueil","item":"https:\/\/capt-action.com\/de\/entdecke-capt-action\/"},{"@type":"ListItem","position":2,"name":"Capt-Action Blog"}]},{"@type":"WebSite","@id":"https:\/\/capt-action.com\/de\/#website","url":"https:\/\/capt-action.com\/de\/","name":"Capt-Action","description":"Capture les Actions du quotidien !","publisher":{"@id":"https:\/\/capt-action.com\/de\/#organization"},"potentialAction":[{"@type":"SearchAction","target":{"@type":"EntryPoint","urlTemplate":"https:\/\/capt-action.com\/de\/?s={search_term_string}"},"query-input":{"@type":"PropertyValueSpecification","valueRequired":true,"valueName":"search_term_string"}}],"inLanguage":"de"},{"@type":"Organization","@id":"https:\/\/capt-action.com\/de\/#organization","name":"Capt-Action","url":"https:\/\/capt-action.com\/de\/","logo":{"@type":"ImageObject","inLanguage":"de","@id":"https:\/\/capt-action.com\/de\/#\/schema\/logo\/image\/","url":"https:\/\/capt-action.com\/wp-content\/uploads\/2024\/04\/logo_capt_action_ok.png","contentUrl":"https:\/\/capt-action.com\/wp-content\/uploads\/2024\/04\/logo_capt_action_ok.png","width":534,"height":144,"caption":"Capt-Action"},"image":{"@id":"https:\/\/capt-action.com\/de\/#\/schema\/logo\/image\/"},"sameAs":["https:\/\/www.facebook.com\/profile.php?id=61558486032400"]}]}},"_links":{"self":[{"href":"https:\/\/capt-action.com\/de\/wp-json\/wp\/v2\/pages\/1030","targetHints":{"allow":["GET"]}}],"collection":[{"href":"https:\/\/capt-action.com\/de\/wp-json\/wp\/v2\/pages"}],"about":[{"href":"https:\/\/capt-action.com\/de\/wp-json\/wp\/v2\/types\/page"}],"author":[{"embeddable":true,"href":"https:\/\/capt-action.com\/de\/wp-json\/wp\/v2\/users\/2"}],"replies":[{"embeddable":true,"href":"https:\/\/capt-action.com\/de\/wp-json\/wp\/v2\/comments?post=1030"}],"version-history":[{"count":19,"href":"https:\/\/capt-action.com\/de\/wp-json\/wp\/v2\/pages\/1030\/revisions"}],"predecessor-version":[{"id":1542,"href":"https:\/\/capt-action.com\/de\/wp-json\/wp\/v2\/pages\/1030\/revisions\/1542"}],"wp:attachment":[{"href":"https:\/\/capt-action.com\/de\/wp-json\/wp\/v2\/media?parent=1030"}],"curies":[{"name":"wp","href":"https:\/\/api.w.org\/{rel}","templated":true}]}}