{"id":1381,"date":"2024-04-23T12:16:06","date_gmt":"2024-04-23T10:16:06","guid":{"rendered":"https:\/\/capt-action.com\/%d8%b3%d9%8a%d8%a7%d8%b3%d8%a9-%d8%a7%d9%84%d8%ae%d8%b5%d9%88%d8%b5%d9%8a%d8%a9\/"},"modified":"2024-06-12T19:11:53","modified_gmt":"2024-06-12T17:11:53","slug":"%d8%b3%d9%8a%d8%a7%d8%b3%d8%a9-%d8%a7%d9%84%d8%ae%d8%b5%d9%88%d8%b5%d9%8a%d8%a9","status":"publish","type":"page","link":"https:\/\/capt-action.com\/ar\/%d8%b3%d9%8a%d8%a7%d8%b3%d8%a9-%d8%a7%d9%84%d8%ae%d8%b5%d9%88%d8%b5%d9%8a%d8%a9\/","title":{"rendered":"\u0633\u064a\u0627\u0633\u0629 \u0627\u0644\u062e\u0635\u0648\u0635\u064a\u0629"},"content":{"rendered":"<h2>Mentions l\u00e9gales<\/h2>\n<p>Identification de l\u2019\u00e9diteur et de l\u2019h\u00e9bergeur du site<br \/>\nLe site capt-action.com est \u00e9dit\u00e9 par SAS Coach-Adjoint, au capital de 16.832 \u20ac, entreprise immatricul\u00e9e au RCS de Bordeaux sous le num\u00e9ro 798781167, dont le si\u00e8ge social est sis au 6 avenue Ariane \u2013 33700 M\u00e9rignac.<\/p>\n<p>N\u00b0 de TVA intracommunautaire : FR29798781167.<\/p>\n<p>Directeur de la publication : Philippe Ollier, SAS Coach-Adjoint, joignable \u00e0 l\u2019adresse contact[@]capt-action.com.<\/p>\n<p>Le site est h\u00e9berg\u00e9 par AGOM \u2013 50, Avenue de l\u2019Est\u00e9rel \u2013 91400 Orsay \u2013 contact@agom.net.<\/p>\n<p>Les informations concernant la collecte et le traitement des donn\u00e9es personnelles (politique et d\u00e9claration) sont fournies dans la charte de donn\u00e9es personnelles du site.<\/p>\n<p><strong>CREDITS<\/strong><\/p>\n<p>SAS COACH ADJOINT au Capital de 16.832\u20ac<\/p>\n<p>RCS BORDEAUX N\u00b0 : 798781167<\/p>\n<p>N\u00b0 Siret : 79878116700019<\/p>\n<p>N\u00b0 TVA intracommunautaire : FR05499269991<\/p>\n<p>Si\u00e8ge social : 6 avenue Ariane \u2013 33700 M\u00e9rignac<\/p>\n<p>E-Mail : contact@capt-action.com<\/p>\n<p>&nbsp;<\/p>\n<div class=\"elementor-element elementor-element-7999c8db elementor-widget elementor-widget-text-editor\" data-id=\"7999c8db\" data-element_type=\"widget\" data-widget_type=\"text-editor.default\">\n<div class=\"elementor-widget-container\">\n<p>&nbsp;<\/p>\n<\/div>\n<\/div>\n","protected":false},"excerpt":{"rendered":"<p>Mentions l\u00e9gales Identification de l\u2019\u00e9diteur et de l\u2019h\u00e9bergeur du site Le site capt-action.com est \u00e9dit\u00e9 par SAS Coach-Adjoint, au capital de 16.832 \u20ac, entreprise immatricul\u00e9e au RCS de Bordeaux sous le num\u00e9ro 798781167, dont le si\u00e8ge social est sis au 6 avenue Ariane \u2013 33700 M\u00e9rignac. N\u00b0 de TVA intracommunautaire : FR29798781167. Directeur de la [&hellip;]<\/p>\n","protected":false},"author":1,"featured_media":0,"parent":0,"menu_order":0,"comment_status":"closed","ping_status":"open","template":"","meta":{"_et_pb_use_builder":"","_et_pb_old_content":"","_et_gb_content_width":"","footnotes":""},"class_list":["post-1381","page","type-page","status-publish","hentry"],"yoast_head":"<!-- This site is optimized with the Yoast SEO plugin v27.5 - https:\/\/yoast.com\/product\/yoast-seo-wordpress\/ -->\n<title>\u0633\u064a\u0627\u0633\u0629 \u0627\u0644\u062e\u0635\u0648\u0635\u064a\u0629 - Capt-Action<\/title>\n<meta name=\"description\" content=\"\u064a\u062a\u0645 \u0646\u0634\u0631 \u0645\u0648\u0642\u0639 capt-action.com \u0628\u0648\u0627\u0633\u0637\u0629 SAS Coach-Adjoint\u060c \u0648\u0647\u064a \u0634\u0631\u0643\u0629 \u064a\u0642\u0639 \u0645\u0642\u0631\u0647\u0627 \u0627\u0644\u0631\u0626\u064a\u0633\u064a \u0641\u064a 6 avenue Ariane \u2013 33700 M\u00e9rignac.\" \/>\n<meta name=\"robots\" content=\"index, follow, max-snippet:-1, max-image-preview:large, max-video-preview:-1\" \/>\n<link rel=\"canonical\" href=\"https:\/\/capt-action.com\/ar\/%d8%b3%d9%8a%d8%a7%d8%b3%d8%a9-%d8%a7%d9%84%d8%ae%d8%b5%d9%88%d8%b5%d9%8a%d8%a9\/\" \/>\n<meta property=\"og:locale\" content=\"ar_AR\" \/>\n<meta property=\"og:type\" content=\"article\" \/>\n<meta property=\"og:title\" content=\"\u0633\u064a\u0627\u0633\u0629 \u0627\u0644\u062e\u0635\u0648\u0635\u064a\u0629 - Capt-Action\" \/>\n<meta property=\"og:description\" content=\"\u064a\u062a\u0645 \u0646\u0634\u0631 \u0645\u0648\u0642\u0639 capt-action.com \u0628\u0648\u0627\u0633\u0637\u0629 SAS Coach-Adjoint\u060c \u0648\u0647\u064a \u0634\u0631\u0643\u0629 \u064a\u0642\u0639 \u0645\u0642\u0631\u0647\u0627 \u0627\u0644\u0631\u0626\u064a\u0633\u064a \u0641\u064a 6 avenue Ariane \u2013 33700 M\u00e9rignac.\" \/>\n<meta property=\"og:url\" content=\"https:\/\/capt-action.com\/ar\/%d8%b3%d9%8a%d8%a7%d8%b3%d8%a9-%d8%a7%d9%84%d8%ae%d8%b5%d9%88%d8%b5%d9%8a%d8%a9\/\" \/>\n<meta property=\"og:site_name\" content=\"Capt-Action\" \/>\n<meta property=\"article:publisher\" content=\"https:\/\/www.facebook.com\/profile.php?id=61558486032400\" \/>\n<meta property=\"article:modified_time\" content=\"2024-06-12T17:11:53+00:00\" \/>\n<meta name=\"twitter:card\" content=\"summary_large_image\" \/>\n<meta name=\"twitter:label1\" content=\"\u0648\u0642\u062a \u0627\u0644\u0642\u0631\u0627\u0621\u0629 \u0627\u0644\u0645\u064f\u0642\u062f\u0651\u0631\" \/>\n\t<meta name=\"twitter:data1\" content=\"1 \u062f\u0642\u064a\u0642\u0629\" \/>\n<script type=\"application\/ld+json\" class=\"yoast-schema-graph\">{\"@context\":\"https:\\\/\\\/schema.org\",\"@graph\":[{\"@type\":\"WebPage\",\"@id\":\"https:\\\/\\\/capt-action.com\\\/ar\\\/%d8%b3%d9%8a%d8%a7%d8%b3%d8%a9-%d8%a7%d9%84%d8%ae%d8%b5%d9%88%d8%b5%d9%8a%d8%a9\\\/\",\"url\":\"https:\\\/\\\/capt-action.com\\\/ar\\\/%d8%b3%d9%8a%d8%a7%d8%b3%d8%a9-%d8%a7%d9%84%d8%ae%d8%b5%d9%88%d8%b5%d9%8a%d8%a9\\\/\",\"name\":\"\u0633\u064a\u0627\u0633\u0629 \u0627\u0644\u062e\u0635\u0648\u0635\u064a\u0629 - Capt-Action\",\"isPartOf\":{\"@id\":\"https:\\\/\\\/capt-action.com\\\/ar\\\/#website\"},\"datePublished\":\"2024-04-23T10:16:06+00:00\",\"dateModified\":\"2024-06-12T17:11:53+00:00\",\"description\":\"\u064a\u062a\u0645 \u0646\u0634\u0631 \u0645\u0648\u0642\u0639 capt-action.com \u0628\u0648\u0627\u0633\u0637\u0629 SAS Coach-Adjoint\u060c \u0648\u0647\u064a \u0634\u0631\u0643\u0629 \u064a\u0642\u0639 \u0645\u0642\u0631\u0647\u0627 \u0627\u0644\u0631\u0626\u064a\u0633\u064a \u0641\u064a 6 avenue Ariane \u2013 33700 M\u00e9rignac.\",\"breadcrumb\":{\"@id\":\"https:\\\/\\\/capt-action.com\\\/ar\\\/%d8%b3%d9%8a%d8%a7%d8%b3%d8%a9-%d8%a7%d9%84%d8%ae%d8%b5%d9%88%d8%b5%d9%8a%d8%a9\\\/#breadcrumb\"},\"inLanguage\":\"ar\",\"potentialAction\":[{\"@type\":\"ReadAction\",\"target\":[\"https:\\\/\\\/capt-action.com\\\/ar\\\/%d8%b3%d9%8a%d8%a7%d8%b3%d8%a9-%d8%a7%d9%84%d8%ae%d8%b5%d9%88%d8%b5%d9%8a%d8%a9\\\/\"]}]},{\"@type\":\"BreadcrumbList\",\"@id\":\"https:\\\/\\\/capt-action.com\\\/ar\\\/%d8%b3%d9%8a%d8%a7%d8%b3%d8%a9-%d8%a7%d9%84%d8%ae%d8%b5%d9%88%d8%b5%d9%8a%d8%a9\\\/#breadcrumb\",\"itemListElement\":[{\"@type\":\"ListItem\",\"position\":1,\"name\":\"Accueil\",\"item\":\"https:\\\/\\\/capt-action.com\\\/ar\\\/%d8%a7%d9%83%d8%aa%d8%b4%d9%81-capt-action\\\/\"},{\"@type\":\"ListItem\",\"position\":2,\"name\":\"\u0633\u064a\u0627\u0633\u0629 \u0627\u0644\u062e\u0635\u0648\u0635\u064a\u0629\"}]},{\"@type\":\"WebSite\",\"@id\":\"https:\\\/\\\/capt-action.com\\\/ar\\\/#website\",\"url\":\"https:\\\/\\\/capt-action.com\\\/ar\\\/\",\"name\":\"Capt-Action\",\"description\":\"Capture les Actions du quotidien !\",\"publisher\":{\"@id\":\"https:\\\/\\\/capt-action.com\\\/ar\\\/#organization\"},\"potentialAction\":[{\"@type\":\"SearchAction\",\"target\":{\"@type\":\"EntryPoint\",\"urlTemplate\":\"https:\\\/\\\/capt-action.com\\\/ar\\\/?s={search_term_string}\"},\"query-input\":{\"@type\":\"PropertyValueSpecification\",\"valueRequired\":true,\"valueName\":\"search_term_string\"}}],\"inLanguage\":\"ar\"},{\"@type\":\"Organization\",\"@id\":\"https:\\\/\\\/capt-action.com\\\/ar\\\/#organization\",\"name\":\"Capt-Action\",\"url\":\"https:\\\/\\\/capt-action.com\\\/ar\\\/\",\"logo\":{\"@type\":\"ImageObject\",\"inLanguage\":\"ar\",\"@id\":\"https:\\\/\\\/capt-action.com\\\/ar\\\/#\\\/schema\\\/logo\\\/image\\\/\",\"url\":\"https:\\\/\\\/capt-action.com\\\/wp-content\\\/uploads\\\/2024\\\/04\\\/logo_capt_action_ok.png\",\"contentUrl\":\"https:\\\/\\\/capt-action.com\\\/wp-content\\\/uploads\\\/2024\\\/04\\\/logo_capt_action_ok.png\",\"width\":534,\"height\":144,\"caption\":\"Capt-Action\"},\"image\":{\"@id\":\"https:\\\/\\\/capt-action.com\\\/ar\\\/#\\\/schema\\\/logo\\\/image\\\/\"},\"sameAs\":[\"https:\\\/\\\/www.facebook.com\\\/profile.php?id=61558486032400\"]}]}<\/script>\n<!-- \/ Yoast SEO plugin. -->","yoast_head_json":{"title":"\u0633\u064a\u0627\u0633\u0629 \u0627\u0644\u062e\u0635\u0648\u0635\u064a\u0629 - Capt-Action","description":"\u064a\u062a\u0645 \u0646\u0634\u0631 \u0645\u0648\u0642\u0639 capt-action.com \u0628\u0648\u0627\u0633\u0637\u0629 SAS Coach-Adjoint\u060c \u0648\u0647\u064a \u0634\u0631\u0643\u0629 \u064a\u0642\u0639 \u0645\u0642\u0631\u0647\u0627 \u0627\u0644\u0631\u0626\u064a\u0633\u064a \u0641\u064a 6 avenue Ariane \u2013 33700 M\u00e9rignac.","robots":{"index":"index","follow":"follow","max-snippet":"max-snippet:-1","max-image-preview":"max-image-preview:large","max-video-preview":"max-video-preview:-1"},"canonical":"https:\/\/capt-action.com\/ar\/%d8%b3%d9%8a%d8%a7%d8%b3%d8%a9-%d8%a7%d9%84%d8%ae%d8%b5%d9%88%d8%b5%d9%8a%d8%a9\/","og_locale":"ar_AR","og_type":"article","og_title":"\u0633\u064a\u0627\u0633\u0629 \u0627\u0644\u062e\u0635\u0648\u0635\u064a\u0629 - Capt-Action","og_description":"\u064a\u062a\u0645 \u0646\u0634\u0631 \u0645\u0648\u0642\u0639 capt-action.com \u0628\u0648\u0627\u0633\u0637\u0629 SAS Coach-Adjoint\u060c \u0648\u0647\u064a \u0634\u0631\u0643\u0629 \u064a\u0642\u0639 \u0645\u0642\u0631\u0647\u0627 \u0627\u0644\u0631\u0626\u064a\u0633\u064a \u0641\u064a 6 avenue Ariane \u2013 33700 M\u00e9rignac.","og_url":"https:\/\/capt-action.com\/ar\/%d8%b3%d9%8a%d8%a7%d8%b3%d8%a9-%d8%a7%d9%84%d8%ae%d8%b5%d9%88%d8%b5%d9%8a%d8%a9\/","og_site_name":"Capt-Action","article_publisher":"https:\/\/www.facebook.com\/profile.php?id=61558486032400","article_modified_time":"2024-06-12T17:11:53+00:00","twitter_card":"summary_large_image","twitter_misc":{"\u0648\u0642\u062a \u0627\u0644\u0642\u0631\u0627\u0621\u0629 \u0627\u0644\u0645\u064f\u0642\u062f\u0651\u0631":"1 \u062f\u0642\u064a\u0642\u0629"},"schema":{"@context":"https:\/\/schema.org","@graph":[{"@type":"WebPage","@id":"https:\/\/capt-action.com\/ar\/%d8%b3%d9%8a%d8%a7%d8%b3%d8%a9-%d8%a7%d9%84%d8%ae%d8%b5%d9%88%d8%b5%d9%8a%d8%a9\/","url":"https:\/\/capt-action.com\/ar\/%d8%b3%d9%8a%d8%a7%d8%b3%d8%a9-%d8%a7%d9%84%d8%ae%d8%b5%d9%88%d8%b5%d9%8a%d8%a9\/","name":"\u0633\u064a\u0627\u0633\u0629 \u0627\u0644\u062e\u0635\u0648\u0635\u064a\u0629 - Capt-Action","isPartOf":{"@id":"https:\/\/capt-action.com\/ar\/#website"},"datePublished":"2024-04-23T10:16:06+00:00","dateModified":"2024-06-12T17:11:53+00:00","description":"\u064a\u062a\u0645 \u0646\u0634\u0631 \u0645\u0648\u0642\u0639 capt-action.com \u0628\u0648\u0627\u0633\u0637\u0629 SAS Coach-Adjoint\u060c \u0648\u0647\u064a \u0634\u0631\u0643\u0629 \u064a\u0642\u0639 \u0645\u0642\u0631\u0647\u0627 \u0627\u0644\u0631\u0626\u064a\u0633\u064a \u0641\u064a 6 avenue Ariane \u2013 33700 M\u00e9rignac.","breadcrumb":{"@id":"https:\/\/capt-action.com\/ar\/%d8%b3%d9%8a%d8%a7%d8%b3%d8%a9-%d8%a7%d9%84%d8%ae%d8%b5%d9%88%d8%b5%d9%8a%d8%a9\/#breadcrumb"},"inLanguage":"ar","potentialAction":[{"@type":"ReadAction","target":["https:\/\/capt-action.com\/ar\/%d8%b3%d9%8a%d8%a7%d8%b3%d8%a9-%d8%a7%d9%84%d8%ae%d8%b5%d9%88%d8%b5%d9%8a%d8%a9\/"]}]},{"@type":"BreadcrumbList","@id":"https:\/\/capt-action.com\/ar\/%d8%b3%d9%8a%d8%a7%d8%b3%d8%a9-%d8%a7%d9%84%d8%ae%d8%b5%d9%88%d8%b5%d9%8a%d8%a9\/#breadcrumb","itemListElement":[{"@type":"ListItem","position":1,"name":"Accueil","item":"https:\/\/capt-action.com\/ar\/%d8%a7%d9%83%d8%aa%d8%b4%d9%81-capt-action\/"},{"@type":"ListItem","position":2,"name":"\u0633\u064a\u0627\u0633\u0629 \u0627\u0644\u062e\u0635\u0648\u0635\u064a\u0629"}]},{"@type":"WebSite","@id":"https:\/\/capt-action.com\/ar\/#website","url":"https:\/\/capt-action.com\/ar\/","name":"Capt-Action","description":"Capture les Actions du quotidien !","publisher":{"@id":"https:\/\/capt-action.com\/ar\/#organization"},"potentialAction":[{"@type":"SearchAction","target":{"@type":"EntryPoint","urlTemplate":"https:\/\/capt-action.com\/ar\/?s={search_term_string}"},"query-input":{"@type":"PropertyValueSpecification","valueRequired":true,"valueName":"search_term_string"}}],"inLanguage":"ar"},{"@type":"Organization","@id":"https:\/\/capt-action.com\/ar\/#organization","name":"Capt-Action","url":"https:\/\/capt-action.com\/ar\/","logo":{"@type":"ImageObject","inLanguage":"ar","@id":"https:\/\/capt-action.com\/ar\/#\/schema\/logo\/image\/","url":"https:\/\/capt-action.com\/wp-content\/uploads\/2024\/04\/logo_capt_action_ok.png","contentUrl":"https:\/\/capt-action.com\/wp-content\/uploads\/2024\/04\/logo_capt_action_ok.png","width":534,"height":144,"caption":"Capt-Action"},"image":{"@id":"https:\/\/capt-action.com\/ar\/#\/schema\/logo\/image\/"},"sameAs":["https:\/\/www.facebook.com\/profile.php?id=61558486032400"]}]}},"_links":{"self":[{"href":"https:\/\/capt-action.com\/ar\/wp-json\/wp\/v2\/pages\/1381","targetHints":{"allow":["GET"]}}],"collection":[{"href":"https:\/\/capt-action.com\/ar\/wp-json\/wp\/v2\/pages"}],"about":[{"href":"https:\/\/capt-action.com\/ar\/wp-json\/wp\/v2\/types\/page"}],"author":[{"embeddable":true,"href":"https:\/\/capt-action.com\/ar\/wp-json\/wp\/v2\/users\/1"}],"replies":[{"embeddable":true,"href":"https:\/\/capt-action.com\/ar\/wp-json\/wp\/v2\/comments?post=1381"}],"version-history":[{"count":2,"href":"https:\/\/capt-action.com\/ar\/wp-json\/wp\/v2\/pages\/1381\/revisions"}],"predecessor-version":[{"id":1398,"href":"https:\/\/capt-action.com\/ar\/wp-json\/wp\/v2\/pages\/1381\/revisions\/1398"}],"wp:attachment":[{"href":"https:\/\/capt-action.com\/ar\/wp-json\/wp\/v2\/media?parent=1381"}],"curies":[{"name":"wp","href":"https:\/\/api.w.org\/{rel}","templated":true}]}}